{"id":753,"date":"2020-07-31T12:12:05","date_gmt":"2020-07-31T12:12:05","guid":{"rendered":"https:\/\/zermatt.qodeinteractive.com\/?page_id=753"},"modified":"2025-11-24T13:47:45","modified_gmt":"2025-11-24T11:47:45","slug":"headings","status":"publish","type":"page","link":"https:\/\/schwab-russ.com\/?page_id=753","title":{"rendered":"Headings"},"content":{"rendered":"\t\t<div data-elementor-type=\"wp-page\" data-elementor-id=\"753\" class=\"elementor elementor-753\">\n\t\t\t\t\t\t<section class=\"elementor-section elementor-top-section elementor-element elementor-element-7b322a0 elementor-section-full_width qodef-elementor-content-grid elementor-section-height-default elementor-section-height-default qodef-elementor-stretch-row-no qodef-elementor-overlay-no\" data-id=\"7b322a0\" data-element_type=\"section\" data-e-type=\"section\">\n\t\t\t\t\t\t<div class=\"elementor-container elementor-column-gap-default\">\n\t\t\t\t\t<div class=\"elementor-column elementor-col-100 elementor-top-column elementor-element elementor-element-092bf48\" data-id=\"092bf48\" data-element_type=\"column\" data-e-type=\"column\">\n\t\t\t<div class=\"elementor-widget-wrap elementor-element-populated\">\n\t\t\t\t\t\t<div class=\"elementor-element elementor-element-a3364ba elementor-widget elementor-widget-zermatt_core_custom_font\" data-id=\"a3364ba\" data-element_type=\"widget\" data-e-type=\"widget\" data-widget_type=\"zermatt_core_custom_font.default\">\n\t\t\t\t<div class=\"elementor-widget-container\">\n\t\t\t\t\t<h1 class=\"qodef-shortcode qodef-m  qodef-custom-font qodef-custom-font-1 qodef-layout--simple \" >\n\tImpressum\t<\/h1>\t\t\t\t<\/div>\n\t\t\t\t<\/div>\n\t\t\t\t<div class=\"elementor-element elementor-element-ad63020 elementor-widget elementor-widget-text-editor\" data-id=\"ad63020\" data-element_type=\"widget\" data-e-type=\"widget\" data-widget_type=\"text-editor.default\">\n\t\t\t\t<div class=\"elementor-widget-container\">\n\t\t\t\t\t\t\t\t\t<p><b>Gauermann &amp; Lauer Branding GbR<\/b><br \/>Gotzinger Str. 52b<br \/>81371 M\u00fcnchen<\/p><p>Telefon: 0176 34503182<br \/>E-Mail: <a href=\"mailto:hello@schwab-russ.com\">hello@schwab-russ.com<\/a><\/p><p>Internet: <a href=\"http:\/\/www.schwab-russ.com\" rel=\"nofollow\">http:\/\/www.schwab-russ.com<\/a><\/p><p>Gesellschafter: Stephanie Lauer\u00a0<br \/>Sitz der Gesellschaft: Gotzinger Str. 52b, 81371 M\u00fcnchen<\/p><p>Umsatzsteuerident: DE334167781<\/p><p>Inhaltlich Verantwortlicher gem\u0434\u042f \u00a7 10 Absatz 3 MDStV: <br \/>Stephanie Lauer (Anschrift siehe oben)<\/p>\t\t\t\t\t\t\t\t<\/div>\n\t\t\t\t<\/div>\n\t\t\t\t\t<\/div>\n\t\t<\/div>\n\t\t\t\t\t<\/div>\n\t\t<\/section>\n\t\t\t\t<section class=\"elementor-section elementor-top-section elementor-element elementor-element-aaf11dd elementor-section-full_width qodef-elementor-content-grid elementor-section-height-default elementor-section-height-default qodef-elementor-stretch-row-no qodef-elementor-overlay-no\" data-id=\"aaf11dd\" data-element_type=\"section\" data-e-type=\"section\">\n\t\t\t\t\t\t<div class=\"elementor-container elementor-column-gap-default\">\n\t\t\t\t\t<div class=\"elementor-column elementor-col-100 elementor-top-column elementor-element elementor-element-9fdefc5\" data-id=\"9fdefc5\" data-element_type=\"column\" data-e-type=\"column\">\n\t\t\t<div class=\"elementor-widget-wrap elementor-element-populated\">\n\t\t\t\t\t\t<div class=\"elementor-element elementor-element-2c5c163 elementor-widget elementor-widget-zermatt_core_custom_font\" data-id=\"2c5c163\" data-element_type=\"widget\" data-e-type=\"widget\" data-widget_type=\"zermatt_core_custom_font.default\">\n\t\t\t\t<div class=\"elementor-widget-container\">\n\t\t\t\t\t<h4 class=\"qodef-shortcode qodef-m  qodef-custom-font qodef-custom-font-2 qodef-layout--simple \" >\n\tCopyright und Haftungshinweise\t<\/h4>\t\t\t\t<\/div>\n\t\t\t\t<\/div>\n\t\t\t\t<div class=\"elementor-element elementor-element-75d7478 elementor-widget elementor-widget-text-editor\" data-id=\"75d7478\" data-element_type=\"widget\" data-e-type=\"widget\" data-widget_type=\"text-editor.default\">\n\t\t\t\t<div class=\"elementor-widget-container\">\n\t\t\t\t\t\t\t\t\t<p>Alle Rechte vorbehalten. Nachdruck &#8211; auch auszugsweise &#8211; nicht gestattet.<\/p><p>S\u00e4mtliche von der Gauermann &amp; Lauer Branding GbR ver\u00f6ffentlichten Informationen, Daten, Graphiken und Publikationen wurden mit gr\u00f6\u00dfter Sorgfalt und nach bestem Wissen und Gewissen recherchiert, zusammengestellt und,<span class=\"Apple-converted-space\">\u00a0 <\/span>soweit sie von externen Quellen stammen, unver\u00e4ndert \u00fcbernommen, ohne jedoch einen Anspruch auf Vollst\u00e4ndigkeit und Fehlerfreiheit zu erheben bzw. die M\u00f6glichkeit der Fehlinterpretation bzw. -nutzung durch Nutzer dieses Angebotes auszuschlie\u00dfen. Insoweit kann eine Haftung nur \u00fcbernommen werden, wenn grobe Fahrl\u00e4ssigkeit oder Vorsatz eine Haftung begr\u00fcnden. Jede dar\u00fcber hinausgehende Haftung wird ausgeschlossen.<\/p><p>Jeder Nutzer ist gehalten, die hier zur Verf\u00fcgung gestellten Informationen selbst auf Ihre Richtigkeit und Vollst\u00e4ndigkeit hin zu \u00fcberpr\u00fcfen. S\u00e4mtliche Logos, Firmenschriftz\u00fcge und Abbildungen d\u00fcrfen von den Nutzern dieses Informations-Angebotes nicht f\u044cr eigene Zwecke, gleich welcher Art, verwendet werden und unterliegen uneingeschr\u00e4nkt den Urheber- und Bildrechten der Inhaber\/Quellen.<\/p><p>Des Weiteren wird darauf hingewiesen, dass s\u00e4mtliche Informationen externer Quellen in jeglicher Hinsicht uneingeschr\u00e4nkten Copyright-Schutz genie\u042fen; ausschlie\u00dflich nur zu Informationszwecken dienen und in keinem Falle &#8211; au\u042fer zur eigenen Nutzung und Dokumentation (Download) &#8211; ohne schriftliche Einwilligung des jeweiligen Urhebers vervielf\u00e4ltigt, in eigene Ver\u00f6ffentlichungen eingebunden bzw. in irgendeiner sonstigen Form von Nutzern dieses Angebotes verwendet werden d\u00fcrfen.<\/p><p>Jegliche Haftungs- und Schadensersatzanspr\u00fcche von Nutzern dieses Informationsangebotes aufgrund vorgenannter Gr\u00fcnde gegen\u00fcber der Gauermann &amp; Lauer Branding GbR\u00a0 sind ausgeschlossen.<\/p><p>Desgleichen lehnt die Gauermann &amp; Lauer Branding GbR jegliche rechtlichen Anspr\u00fcche aufgrund von Missbrauch durch Nutzer des Internetauftrittes ab.<\/p><p>Warenzeichen: Die gesamten Namen und Warenzeichen sind eingetragene Markenzeichen oder Warenzeichen der jeweiligen Hersteller oder Beteiligungen.<\/p><p>Das Herunterladen der Dateien erfolgt auf eigene Gefahr. Wir \u00fcbernehmen keinerlei Haftung f\u044cr Sch\u0434den die direkt oder indirekt durch die Benutzung dieser Dateien entstehen. Dies gilt insbesondere dann, wenn diese Dateien f\u00fcr strafbare Handlungen eingesetzt wurden.<\/p><p>Mit Urteil vom 12. Mai 1998 hat das Landgericht Hamburg entschieden, dass man durch die Ausbringung eines Links die Inhalte der gelinkten Seite ggf. mit zu verantworten hat. Dies kann, so das Landgericht Hamburg, nur dadurch verhindert werden, dass man sich ausdr\u00fccklich von diesen Inhalten distanziert. Wir haben auf unseren Seiten Links zu anderen Seiten im Internet gelegt. F\u044cr alle diese Links gilt: Wir erkl\u00e4ren ausdr\u00fccklich, dass wir keinerlei Einfluss auf die Gestaltung und die Inhalte der gelinkten Seiten haben. Deshalb distanzieren wir uns hiermit ausdr\u00fccklich von allen Inhalten aller gelinkten Seiten auf unseren Webseiten und machen uns diese Inhalte nicht zu Eigen. Diese Erkl\u00e4rung gilt f\u00fcr alle auf unseren Seiten angezeigten Links und f\u00fcr alle Inhalte der Seiten, zu denen die bei uns angemeldeten Banner und Links f\u00fchren. Wir \u00fcbernehmen f\u00fcr diese keinerlei Haftung!<\/p><p>\u00a0<\/p><p>Mit Nutzung dieses Informationsangebotes erkennen Sie die vorstehenden Bedingungen als rechtlich verbindlich an.<\/p>\t\t\t\t\t\t\t\t<\/div>\n\t\t\t\t<\/div>\n\t\t\t\t\t<\/div>\n\t\t<\/div>\n\t\t\t\t\t<\/div>\n\t\t<\/section>\n\t\t\t\t<\/div>\n\t\t","protected":false},"excerpt":{"rendered":"<p>Impressum Gauermann &amp; Lauer Branding GbRGotzinger Str. 52b81371 M\u00fcnchen Telefon: 0176 34503182E-Mail: <a href=\"mailto:hello@schwab-russ.com\">hello@schwab-russ.com<\/a> Internet: <a href=\"http:\/\/www.schwab-russ.com\" rel=\"nofollow\">http:\/\/www.schwab-russ.com<\/a> Gesellschafter: Stephanie Lauer\u00a0Sitz der Gesellschaft: Gotzinger Str. 52b, 81371 M\u00fcnchen Umsatzsteuerident: DE334167781 Inhaltlich Verantwortlicher gem\u0434\u042f \u00a7 10 Absatz 3 MDStV: Stephanie Lauer (Anschrift siehe oben) Copyright und Haftungshinweise Alle Rechte vorbehalten. Nachdruck &#8211; auch auszugsweise &#8211; nicht gestattet. S\u00e4mtliche von [&hellip;]<\/p>\n","protected":false},"author":1,"featured_media":0,"parent":0,"menu_order":0,"comment_status":"closed","ping_status":"closed","template":"","meta":{"footnotes":""},"class_list":["post-753","page","type-page","status-publish","hentry"],"yoast_head":"<!-- This site is optimized with the Yoast SEO plugin v27.4 - https:\/\/yoast.com\/product\/yoast-seo-wordpress\/ -->\n<title>Headings - Schwab+Russ<\/title>\n<meta name=\"robots\" content=\"index, follow, max-snippet:-1, max-image-preview:large, max-video-preview:-1\" \/>\n<link rel=\"canonical\" href=\"https:\/\/schwab-russ.com\/?page_id=753\" \/>\n<meta property=\"og:locale\" content=\"de_DE\" \/>\n<meta property=\"og:type\" content=\"article\" \/>\n<meta property=\"og:title\" content=\"Headings - Schwab+Russ\" \/>\n<meta property=\"og:description\" content=\"Impressum Gauermann &amp; Lauer Branding GbRGotzinger Str. 52b81371 M\u00fcnchen Telefon: 0176 34503182E-Mail: hello@schwab-russ.com Internet: http:\/\/www.schwab-russ.com Gesellschafter: Stephanie Lauer\u00a0Sitz der Gesellschaft: Gotzinger Str. 52b, 81371 M\u00fcnchen Umsatzsteuerident: DE334167781 Inhaltlich Verantwortlicher gem\u0434\u042f \u00a7 10 Absatz 3 MDStV: Stephanie Lauer (Anschrift siehe oben) Copyright und Haftungshinweise Alle Rechte vorbehalten. Nachdruck &#8211; auch auszugsweise &#8211; nicht gestattet. S\u00e4mtliche von [&hellip;]\" \/>\n<meta property=\"og:url\" content=\"https:\/\/schwab-russ.com\/?page_id=753\" \/>\n<meta property=\"og:site_name\" content=\"Schwab+Russ\" \/>\n<meta property=\"article:modified_time\" content=\"2025-11-24T11:47:45+00:00\" \/>\n<meta name=\"twitter:card\" content=\"summary_large_image\" \/>\n<script type=\"application\/ld+json\" class=\"yoast-schema-graph\">{\"@context\":\"https:\\\/\\\/schema.org\",\"@graph\":[{\"@type\":\"WebPage\",\"@id\":\"https:\\\/\\\/schwab-russ.com\\\/?page_id=753\",\"url\":\"https:\\\/\\\/schwab-russ.com\\\/?page_id=753\",\"name\":\"Headings - Schwab+Russ\",\"isPartOf\":{\"@id\":\"https:\\\/\\\/schwab-russ.com\\\/#website\"},\"datePublished\":\"2020-07-31T12:12:05+00:00\",\"dateModified\":\"2025-11-24T11:47:45+00:00\",\"breadcrumb\":{\"@id\":\"https:\\\/\\\/schwab-russ.com\\\/?page_id=753#breadcrumb\"},\"inLanguage\":\"de\",\"potentialAction\":[{\"@type\":\"ReadAction\",\"target\":[\"https:\\\/\\\/schwab-russ.com\\\/?page_id=753\"]}]},{\"@type\":\"BreadcrumbList\",\"@id\":\"https:\\\/\\\/schwab-russ.com\\\/?page_id=753#breadcrumb\",\"itemListElement\":[{\"@type\":\"ListItem\",\"position\":1,\"name\":\"Startseite\",\"item\":\"https:\\\/\\\/schwab-russ.com\\\/\"},{\"@type\":\"ListItem\",\"position\":2,\"name\":\"Headings\"}]},{\"@type\":\"WebSite\",\"@id\":\"https:\\\/\\\/schwab-russ.com\\\/#website\",\"url\":\"https:\\\/\\\/schwab-russ.com\\\/\",\"name\":\"Schwab+Russ\",\"description\":\"Creativity meets strategy.\",\"publisher\":{\"@id\":\"https:\\\/\\\/schwab-russ.com\\\/#organization\"},\"potentialAction\":[{\"@type\":\"SearchAction\",\"target\":{\"@type\":\"EntryPoint\",\"urlTemplate\":\"https:\\\/\\\/schwab-russ.com\\\/?s={search_term_string}\"},\"query-input\":{\"@type\":\"PropertyValueSpecification\",\"valueRequired\":true,\"valueName\":\"search_term_string\"}}],\"inLanguage\":\"de\"},{\"@type\":\"Organization\",\"@id\":\"https:\\\/\\\/schwab-russ.com\\\/#organization\",\"name\":\"Schwab+Russ\",\"url\":\"https:\\\/\\\/schwab-russ.com\\\/\",\"logo\":{\"@type\":\"ImageObject\",\"inLanguage\":\"de\",\"@id\":\"https:\\\/\\\/schwab-russ.com\\\/#\\\/schema\\\/logo\\\/image\\\/\",\"url\":\"https:\\\/\\\/i0.wp.com\\\/schwab-russ.com\\\/wp-content\\\/uploads\\\/2021\\\/07\\\/cropped-SchwabRuss_Logo_Icon.png?fit=814%2C814&ssl=1\",\"contentUrl\":\"https:\\\/\\\/i0.wp.com\\\/schwab-russ.com\\\/wp-content\\\/uploads\\\/2021\\\/07\\\/cropped-SchwabRuss_Logo_Icon.png?fit=814%2C814&ssl=1\",\"width\":814,\"height\":814,\"caption\":\"Schwab+Russ\"},\"image\":{\"@id\":\"https:\\\/\\\/schwab-russ.com\\\/#\\\/schema\\\/logo\\\/image\\\/\"}}]}<\/script>\n<!-- \/ Yoast SEO plugin. -->","yoast_head_json":{"title":"Headings - Schwab+Russ","robots":{"index":"index","follow":"follow","max-snippet":"max-snippet:-1","max-image-preview":"max-image-preview:large","max-video-preview":"max-video-preview:-1"},"canonical":"https:\/\/schwab-russ.com\/?page_id=753","og_locale":"de_DE","og_type":"article","og_title":"Headings - Schwab+Russ","og_description":"Impressum Gauermann &amp; Lauer Branding GbRGotzinger Str. 52b81371 M\u00fcnchen Telefon: 0176 34503182E-Mail: hello@schwab-russ.com Internet: http:\/\/www.schwab-russ.com Gesellschafter: Stephanie Lauer\u00a0Sitz der Gesellschaft: Gotzinger Str. 52b, 81371 M\u00fcnchen Umsatzsteuerident: DE334167781 Inhaltlich Verantwortlicher gem\u0434\u042f \u00a7 10 Absatz 3 MDStV: Stephanie Lauer (Anschrift siehe oben) Copyright und Haftungshinweise Alle Rechte vorbehalten. Nachdruck &#8211; auch auszugsweise &#8211; nicht gestattet. S\u00e4mtliche von [&hellip;]","og_url":"https:\/\/schwab-russ.com\/?page_id=753","og_site_name":"Schwab+Russ","article_modified_time":"2025-11-24T11:47:45+00:00","twitter_card":"summary_large_image","schema":{"@context":"https:\/\/schema.org","@graph":[{"@type":"WebPage","@id":"https:\/\/schwab-russ.com\/?page_id=753","url":"https:\/\/schwab-russ.com\/?page_id=753","name":"Headings - Schwab+Russ","isPartOf":{"@id":"https:\/\/schwab-russ.com\/#website"},"datePublished":"2020-07-31T12:12:05+00:00","dateModified":"2025-11-24T11:47:45+00:00","breadcrumb":{"@id":"https:\/\/schwab-russ.com\/?page_id=753#breadcrumb"},"inLanguage":"de","potentialAction":[{"@type":"ReadAction","target":["https:\/\/schwab-russ.com\/?page_id=753"]}]},{"@type":"BreadcrumbList","@id":"https:\/\/schwab-russ.com\/?page_id=753#breadcrumb","itemListElement":[{"@type":"ListItem","position":1,"name":"Startseite","item":"https:\/\/schwab-russ.com\/"},{"@type":"ListItem","position":2,"name":"Headings"}]},{"@type":"WebSite","@id":"https:\/\/schwab-russ.com\/#website","url":"https:\/\/schwab-russ.com\/","name":"Schwab+Russ","description":"Creativity meets strategy.","publisher":{"@id":"https:\/\/schwab-russ.com\/#organization"},"potentialAction":[{"@type":"SearchAction","target":{"@type":"EntryPoint","urlTemplate":"https:\/\/schwab-russ.com\/?s={search_term_string}"},"query-input":{"@type":"PropertyValueSpecification","valueRequired":true,"valueName":"search_term_string"}}],"inLanguage":"de"},{"@type":"Organization","@id":"https:\/\/schwab-russ.com\/#organization","name":"Schwab+Russ","url":"https:\/\/schwab-russ.com\/","logo":{"@type":"ImageObject","inLanguage":"de","@id":"https:\/\/schwab-russ.com\/#\/schema\/logo\/image\/","url":"https:\/\/i0.wp.com\/schwab-russ.com\/wp-content\/uploads\/2021\/07\/cropped-SchwabRuss_Logo_Icon.png?fit=814%2C814&ssl=1","contentUrl":"https:\/\/i0.wp.com\/schwab-russ.com\/wp-content\/uploads\/2021\/07\/cropped-SchwabRuss_Logo_Icon.png?fit=814%2C814&ssl=1","width":814,"height":814,"caption":"Schwab+Russ"},"image":{"@id":"https:\/\/schwab-russ.com\/#\/schema\/logo\/image\/"}}]}},"jetpack_sharing_enabled":true,"jetpack_shortlink":"https:\/\/wp.me\/P95cNh-c9","jetpack_likes_enabled":false,"_links":{"self":[{"href":"https:\/\/schwab-russ.com\/index.php?rest_route=\/wp\/v2\/pages\/753","targetHints":{"allow":["GET"]}}],"collection":[{"href":"https:\/\/schwab-russ.com\/index.php?rest_route=\/wp\/v2\/pages"}],"about":[{"href":"https:\/\/schwab-russ.com\/index.php?rest_route=\/wp\/v2\/types\/page"}],"author":[{"embeddable":true,"href":"https:\/\/schwab-russ.com\/index.php?rest_route=\/wp\/v2\/users\/1"}],"replies":[{"embeddable":true,"href":"https:\/\/schwab-russ.com\/index.php?rest_route=%2Fwp%2Fv2%2Fcomments&post=753"}],"version-history":[{"count":16,"href":"https:\/\/schwab-russ.com\/index.php?rest_route=\/wp\/v2\/pages\/753\/revisions"}],"predecessor-version":[{"id":10664,"href":"https:\/\/schwab-russ.com\/index.php?rest_route=\/wp\/v2\/pages\/753\/revisions\/10664"}],"wp:attachment":[{"href":"https:\/\/schwab-russ.com\/index.php?rest_route=%2Fwp%2Fv2%2Fmedia&parent=753"}],"curies":[{"name":"wp","href":"https:\/\/api.w.org\/{rel}","templated":true}]}}